{"id":884,"date":"2017-03-03T18:02:15","date_gmt":"2017-03-04T00:02:15","guid":{"rendered":"https:\/\/www.kitebrook.com\/the-book-le-deal\/"},"modified":"2026-04-26T21:09:06","modified_gmt":"2026-04-27T03:09:06","slug":"the-book-le-deal","status":"publish","type":"page","link":"https:\/\/www.kitebrook.com\/no\/the-book-le-deal\/","title":{"rendered":"Boken: Le Deal"},"content":{"rendered":"<div class=\"wpb-content-wrapper\"><p>[vc_row el_class=&raquo;info-la-deal&raquo; css=&raquo;.vc_custom_1490727110408{margin-right: 0px !important;margin-left: 0px !important;}&raquo;][vc_column width=&raquo;1\/2&#8243; el_class=&raquo;left-content&raquo;][vc_column_text css=&raquo;&raquo;]<\/p>\n<h1><em>Le Deal<\/em> er en prisbel\u00f8nt memoarbok om Byrne Murphys erfaringer fra hans f\u00f8rste ti\u00e5r som entrepren\u00f8r i Europa.<\/h1>\n<p>[\/vc_column_text][\/vc_column][vc_column width=&raquo;1\/2&#8243; el_class=&raquo;right-content&raquo;][vc_column_text css=&raquo;&raquo; el_class=&raquo;info-text right-info&raquo;]<\/p>\n<h2>Boken <em>Le Deal<\/em><\/h2>\n<p><em>Le Deal<\/em> er en eventyrfortelling satt inn i en forretningskontekst. <em>Le Deal<\/em> ble hyllet av <em>The Wall Street Journal<\/em> som: \u00ab\u2026en pittoresk memoar om et ti\u00e5r med forhandlinger i Europa\u2026 en fortelling fylt med frustrasjon og innsikt.\u00bb<\/p>\n<p><em>MSNBC<\/em>-journalist Chris Matthews beskriver <em>Le Deal<\/em> slik: \u00abVittig og en fryd \u00e5 lese, dette er en vakkert skrevet bok som kombinerer sjarmen til <em>A Year in Provence<\/em> med dristigheten til GEs Jack Welch.\u00bb<\/p>\n<p>Dean Bruner ved University of Virginia Darden Business School omtalte boken som:<\/p>\n<p>\u00ab\u2026raskt tempo, velskrevet og full av visdom.\u00bb<\/p>\n<p><span class=\"TextRun SCXW237576109 BCX8\" lang=\"NB-NO\" xml:lang=\"NB-NO\" data-contrast=\"auto\"><span class=\"NormalTextRun SCXW237576109 BCX8\"><em>Le Deal<\/em> ble utgitt av St. Martin\u2019s Press og vant Axiom Gold Medal Award for Best Memoir i 2008. Boken er tilgjengelig for kj\u00f8p p\u00e5 Amazon.com i b\u00e5de trykt utgave og Kindle-format.<\/span><\/span><span class=\"EOP SCXW237576109 BCX8\" data-ccp-props=\"{}\">\u00a0<\/span><\/p>\n<div class=\"text-link\">\n<div class=\"left-link\"><a href=\"https:\/\/www.amazon.com\/Deal-American-Business-Kick-Started-Multibillion\/dp\/0312359039\/\" target=\"_blank\" rel=\"noopener noreferrer nofollow\">Kj\u00f8p boken p\u00e5 Amazon<img decoding=\"async\" src=\"https:\/\/www.kitebrook.com\/wp-content\/uploads\/2017\/02\/arrow.png\" alt=\"Buy on Amazon\" \/><\/a><\/div>\n<\/div>\n<p>[\/vc_column_text][vc_single_image image=&raquo;825&#8243; img_size=&raquo;full&raquo; alignment=&raquo;center&raquo;][\/vc_column][\/vc_row]<\/p>\n<\/div>","protected":false},"excerpt":{"rendered":"<p>[vc_row el_class=&raquo;info-la-deal&raquo; css=&raquo;.vc_custom_1490727110408{margin-right: 0px !important;margin-left: 0px !important;}&raquo;][vc_column width=&raquo;1\/2&#8243; el_class=&raquo;left-content&raquo;][vc_column_text css=&raquo;&raquo;] Le Deal er en prisbel\u00f8nt memoarbok om Byrne Murphys erfaringer fra hans f\u00f8rste ti\u00e5r som entrepren\u00f8r i Europa. [\/vc_column_text][\/vc_column][vc_column width=&raquo;1\/2&#8243; el_class=&raquo;right-content&raquo;][vc_column_text css=&raquo;&raquo; el_class=&raquo;info-text right-info&raquo;] Boken Le Deal Le Deal er en eventyrfortelling satt inn i en forretningskontekst. Le Deal ble hyllet av The Wall Street &hellip;<\/p>\n","protected":false},"author":1,"featured_media":837,"parent":0,"menu_order":0,"comment_status":"closed","ping_status":"closed","template":"","meta":{"_acf_changed":false,"inline_featured_image":false,"footnotes":""},"class_list":["post-884","page","type-page","status-publish","has-post-thumbnail","hentry"],"acf":[],"_links":{"self":[{"href":"https:\/\/www.kitebrook.com\/no\/wp-json\/wp\/v2\/pages\/884","targetHints":{"allow":["GET"]}}],"collection":[{"href":"https:\/\/www.kitebrook.com\/no\/wp-json\/wp\/v2\/pages"}],"about":[{"href":"https:\/\/www.kitebrook.com\/no\/wp-json\/wp\/v2\/types\/page"}],"author":[{"embeddable":true,"href":"https:\/\/www.kitebrook.com\/no\/wp-json\/wp\/v2\/users\/1"}],"replies":[{"embeddable":true,"href":"https:\/\/www.kitebrook.com\/no\/wp-json\/wp\/v2\/comments?post=884"}],"version-history":[{"count":6,"href":"https:\/\/www.kitebrook.com\/no\/wp-json\/wp\/v2\/pages\/884\/revisions"}],"predecessor-version":[{"id":1628,"href":"https:\/\/www.kitebrook.com\/no\/wp-json\/wp\/v2\/pages\/884\/revisions\/1628"}],"wp:featuredmedia":[{"embeddable":true,"href":"https:\/\/www.kitebrook.com\/no\/wp-json\/wp\/v2\/media\/837"}],"wp:attachment":[{"href":"https:\/\/www.kitebrook.com\/no\/wp-json\/wp\/v2\/media?parent=884"}],"curies":[{"name":"wp","href":"https:\/\/api.w.org\/{rel}","templated":true}]}}