{"id":1594,"date":"2026-03-17T14:47:09","date_gmt":"2026-03-17T20:47:09","guid":{"rendered":"https:\/\/www.kitebrook.com\/kitebrook-infra\/bordalen\/"},"modified":"2026-04-27T13:33:57","modified_gmt":"2026-04-27T19:33:57","slug":"bordalen","status":"publish","type":"page","link":"https:\/\/www.kitebrook.com\/no\/kitebrook-infra\/bordalen\/","title":{"rendered":"Kitebrook B\u00f8rdalen"},"content":{"rendered":"<div class=\"wpb-content-wrapper\"><p>[vc_row full_height=&raquo;yes&raquo; columns_placement=&raquo;stretch&raquo; el_class=&raquo;info-data-center&raquo; css=&raquo;.vc_custom_1773337207317{margin-right: 0px !important;margin-left: 0px !important;}&raquo;][vc_column width=&raquo;1\/2&#8243; el_class=&raquo;left-content&raquo;][vc_column_text css=&raquo;&raquo; el_class=&raquo;intro-with-list&raquo;]<\/p>\n<h1>B\u00f8rdalen er et storskala datasenteranlegg for AI og h\u00f8yytelses databehandling, lokalisert p\u00e5 Vestlandet. Det er utviklet for \u00e5 levere storskala infrastruktur, drevet utelukkende av fornybar vannkraft.<\/h1>\n<p>[\/vc_column_text][vc_row_inner el_class=&raquo;bottom-img&raquo;][vc_column_inner][vc_single_image image=&raquo;1542&#8243; img_size=&raquo;full&raquo; alignment=&raquo;center&raquo; css=&raquo;.vc_custom_1776971802386{margin-bottom: 5px !important;}&raquo; el_class=&raquo;siteplan-img&raquo;][vc_column_text css=&raquo;&raquo;]Alle design er utviklet til RIBA fase 2+[\/vc_column_text][\/vc_column_inner][\/vc_row_inner][\/vc_column][vc_column width=&raquo;1\/2&#8243; el_class=&raquo;right-content&raquo;][vc_column_text css=&raquo;&raquo; el_class=&raquo;info-text right-info&raquo;]<\/p>\n<h2>B\u00f8rdalen \u2013<br \/>\nDatasenteranlegg for AI og h\u00f8yytelses databehandling<\/h2>\n<p>Lokasjonen omfatter rundt 48 000 m\u00b2 regulert areal, og er planlagt som et anlegg p\u00e5 100 MW med om lag 82,5 MW IT-kapasitet. Utbyggingen ligger i direkte tilknytning til et strategisk knutepunkt i str\u00f8mnettet (420 kV), med en p\u00e5g\u00e5ende kraftreservasjon p\u00e5 100 MW og forventet betinget str\u00f8mtilgang fra f\u00f8rste kvartal 2029.<\/p>\n<p>B\u00f8rdalen har direkte tilgang til flere vannkraftverk som samlet leverer over 100 MW fornybar energi, noe som sikrer h\u00f8y energisikkerhet og langsiktig b\u00e6rekraft.<\/p>\n<p>Anlegget er utviklet for effektiv kj\u00f8ling uten tradisjonelle kj\u00f8lemaskiner, og er tilrettelagt for direkte v\u00e6skekj\u00f8ling av avanserte AI-arbeidslaster som Blackwell og Rubin. Modulbaserte datasaler p\u00e5 27,5 MW gir fleksibel utbygging for kunder med behov i stor skala.<\/p>\n<p>Med tre uavhengige fibertraseer, tilgang til dypvannskai og tilgjengelige arealer for videre utvidelse, tilbyr B\u00f8rdalen en skalerbar plattform for neste generasjons AI-infrastruktur i Nord-Europa.[\/vc_column_text][vc_row_inner el_class=&raquo;info-text right-info infra-list-row&raquo; css=&raquo;.vc_custom_1776966802496{padding-bottom: 35px !important;}&raquo;][vc_column_inner width=&raquo;1\/2&#8243;][vc_btn title=&raquo;Last ned <br \/>B\u00f8rdalen PDF&raquo; align=&raquo;center&raquo; css=&raquo;&raquo; el_class=&raquo;infra-site-btn&raquo; link=&raquo;url:https%3A%2F%2Fwww.kitebrook.com%2Fwp-content%2Fuploads%2F2026%2F04%2FKitebrook_factsheet_Bordalen.pdf|target:_blank&raquo;][\/vc_column_inner][vc_column_inner width=&raquo;1\/2&#8243;][vc_btn title=&raquo;Tilbake til Kitebrook Infra&raquo; align=&raquo;center&raquo; css=&raquo;&raquo; el_class=&raquo;infra-site-btn&raquo; link=&raquo;url:https%3A%2F%2Fwww.kitebrook.com%2Fno%2Fkitebrook-infra%2F&raquo;][\/vc_column_inner][\/vc_row_inner][vc_row_inner el_class=&raquo;right-image&raquo;][vc_column_inner][vc_single_image image=&raquo;1299&#8243; img_size=&raquo;full&raquo; alignment=&raquo;center&raquo; css=&raquo;&raquo;][\/vc_column_inner][\/vc_row_inner][\/vc_column][\/vc_row][vc_row css=&raquo;.vc_custom_1746648119023{margin-right: 0px !important;margin-left: 0px !important;}&raquo;][vc_column][vc_single_image image=&raquo;1538&#8243; img_size=&raquo;full&raquo; alignment=&raquo;center&raquo; css=&raquo;&raquo;][\/vc_column][\/vc_row][vc_row css=&raquo;.vc_custom_1746649516907{margin-right: 0px !important;margin-left: 0px !important;}&raquo;][vc_column][vc_empty_space height=&raquo;76px&raquo; el_class=&raquo;kb-energy-spacer&raquo;][\/vc_column][\/vc_row][vc_row full_width=&raquo;stretch_row_content_no_spaces&raquo; el_class=&raquo;map-image-row&raquo;][vc_column][vc_single_image image=&raquo;1438&#8243; img_size=&raquo;full&raquo; alignment=&raquo;center&raquo; css=&raquo;.vc_custom_1776965980429{margin-bottom: 0px !important;}&raquo;][\/vc_column][\/vc_row]<\/p>\n<\/div>","protected":false},"excerpt":{"rendered":"<p>[vc_row full_height=&raquo;yes&raquo; columns_placement=&raquo;stretch&raquo; el_class=&raquo;info-data-center&raquo; css=&raquo;.vc_custom_1773337207317{margin-right: 0px !important;margin-left: 0px !important;}&raquo;][vc_column width=&raquo;1\/2&#8243; el_class=&raquo;left-content&raquo;][vc_column_text css=&raquo;&raquo; el_class=&raquo;intro-with-list&raquo;] B\u00f8rdalen er et storskala datasenteranlegg for AI og h\u00f8yytelses databehandling, lokalisert p\u00e5 Vestlandet. Det er utviklet for \u00e5 levere storskala infrastruktur, drevet utelukkende av fornybar vannkraft. [\/vc_column_text][vc_row_inner el_class=&raquo;bottom-img&raquo;][vc_column_inner][vc_single_image image=&raquo;1542&#8243; img_size=&raquo;full&raquo; alignment=&raquo;center&raquo; css=&raquo;.vc_custom_1776971802386{margin-bottom: 5px !important;}&raquo; el_class=&raquo;siteplan-img&raquo;][vc_column_text css=&raquo;&raquo;]Alle design er utviklet til RIBA fase &hellip;<\/p>\n","protected":false},"author":1,"featured_media":1366,"parent":878,"menu_order":0,"comment_status":"closed","ping_status":"closed","template":"","meta":{"_acf_changed":false,"inline_featured_image":false,"footnotes":""},"class_list":["post-1594","page","type-page","status-publish","has-post-thumbnail","hentry"],"acf":[],"_links":{"self":[{"href":"https:\/\/www.kitebrook.com\/no\/wp-json\/wp\/v2\/pages\/1594","targetHints":{"allow":["GET"]}}],"collection":[{"href":"https:\/\/www.kitebrook.com\/no\/wp-json\/wp\/v2\/pages"}],"about":[{"href":"https:\/\/www.kitebrook.com\/no\/wp-json\/wp\/v2\/types\/page"}],"author":[{"embeddable":true,"href":"https:\/\/www.kitebrook.com\/no\/wp-json\/wp\/v2\/users\/1"}],"replies":[{"embeddable":true,"href":"https:\/\/www.kitebrook.com\/no\/wp-json\/wp\/v2\/comments?post=1594"}],"version-history":[{"count":5,"href":"https:\/\/www.kitebrook.com\/no\/wp-json\/wp\/v2\/pages\/1594\/revisions"}],"predecessor-version":[{"id":1641,"href":"https:\/\/www.kitebrook.com\/no\/wp-json\/wp\/v2\/pages\/1594\/revisions\/1641"}],"up":[{"embeddable":true,"href":"https:\/\/www.kitebrook.com\/no\/wp-json\/wp\/v2\/pages\/878"}],"wp:featuredmedia":[{"embeddable":true,"href":"https:\/\/www.kitebrook.com\/no\/wp-json\/wp\/v2\/media\/1366"}],"wp:attachment":[{"href":"https:\/\/www.kitebrook.com\/no\/wp-json\/wp\/v2\/media?parent=1594"}],"curies":[{"name":"wp","href":"https:\/\/api.w.org\/{rel}","templated":true}]}}