{"id":1590,"date":"2026-03-17T14:43:32","date_gmt":"2026-03-17T20:43:32","guid":{"rendered":"https:\/\/www.kitebrook.com\/kitebrook-infra\/leirdola\/"},"modified":"2026-04-27T13:33:51","modified_gmt":"2026-04-27T19:33:51","slug":"leirdola","status":"publish","type":"page","link":"https:\/\/www.kitebrook.com\/no\/kitebrook-infra\/leirdola\/","title":{"rendered":"Kitebrook Leird\u00f8la"},"content":{"rendered":"<div class=\"wpb-content-wrapper\"><p>[vc_row full_height=&raquo;yes&raquo; columns_placement=&raquo;stretch&raquo; el_class=&raquo;info-data-center&raquo; css=&raquo;.vc_custom_1773337207317{margin-right: 0px !important;margin-left: 0px !important;}&raquo;][vc_column width=&raquo;1\/2&#8243; el_class=&raquo;left-content&raquo;][vc_column_text css=&raquo;&raquo; el_class=&raquo;intro-with-list&raquo;]<\/p>\n<h1>Leird\u00f8la er et ferdig tilrettelagt datasenteranlegg for AI og h\u00f8yytelses databehandling, lokalisert p\u00e5 Vestlandet. Det er utviklet for \u00e5 levere storskala datakapasitet, drevet av fornybar vannkraft.<\/h1>\n<p>[\/vc_column_text][vc_row_inner el_class=&raquo;bottom-img&raquo;][vc_column_inner][vc_single_image image=&raquo;1523&#8243; img_size=&raquo;full&raquo; alignment=&raquo;center&raquo; css=&raquo;.vc_custom_1776971812716{margin-bottom: 5px !important;}&raquo; el_class=&raquo;siteplan-img&raquo;][vc_column_text css=&raquo;&raquo;]Alle design er utviklet til RIBA fase 2+[\/vc_column_text][vc_single_image image=&raquo;1344&#8243; img_size=&raquo;full&raquo; alignment=&raquo;center&raquo; css=&raquo;&raquo;][\/vc_column_inner][\/vc_row_inner][\/vc_column][vc_column width=&raquo;1\/2&#8243; el_class=&raquo;right-content&raquo;][vc_column_text css=&raquo;&raquo; el_class=&raquo;info-text right-info&raquo;]<\/p>\n<h2>Leird\u00f8la \u2013<br \/>\nDatasenteranlegg for AI og h\u00f8yytelses databehandling<\/h2>\n<p>Utbyggingen omfatter 40 200 m\u00b2 regulert og planert areal, klart for umiddelbar byggestart. Anlegget er planlagt med en kapasitet p\u00e5 100 MW, med om lag 82,5 MW IT-kapasitet, fordelt p\u00e5 modulbaserte datasaler over to etasjer.<\/p>\n<p>Lokasjonen ligger i direkte tilknytning til en transformatorstasjon med flere spenningsniv\u00e5er (320 \/ 132 \/ 66 \/ 22 kV), med en godkjent kraftreservasjon p\u00e5 100 MW. Dette legger til rette for rask utbygging, med forventet tilgang p\u00e5 str\u00f8m fra 2028.<\/p>\n<p>Transformatorstasjonen forsynes direkte fra store vannkraftverk, blant annet Leird\u00f8la og Jostedal, som samlet leverer over 400 MW fornybar energi.<\/p>\n<p>Anlegget benytter Kitebrooks egenutviklede GBUS (Green Back Up Solution), en reservel\u00f8sning uten generatorer. L\u00f8sningen kombinerer UPS med direkte tilgang til fornybar vannkraft, og sikrer kontinuerlig str\u00f8mtilgang.<\/p>\n<p>Leird\u00f8la st\u00f8tter direkte v\u00e6skekj\u00f8ling for AI-arbeidslaster som Blackwell og Rubin, og er designet for kj\u00f8ling uten tradisjonelle kj\u00f8lemaskiner, basert p\u00e5 vann fra kraftproduksjonen for maksimal effektivitet.<\/p>\n<p>Med tre uavhengige fibertraseer, tilgang til dypvannskai og betydelig utvidelsespotensial, er Leird\u00f8la en av de mest attraktive lokasjonene for fornybar AI-infrastruktur i Norden.<br \/>\n[\/vc_column_text][vc_row_inner el_class=&raquo;info-text right-info infra-list-row&raquo;][vc_column_inner width=&raquo;1\/2&#8243;][vc_btn title=&raquo;Last ned <br \/>Leird\u00f8la PDF&raquo; align=&raquo;center&raquo; css=&raquo;&raquo; el_class=&raquo;infra-site-btn&raquo; link=&raquo;url:https%3A%2F%2Fwww.kitebrook.com%2Fwp-content%2Fuploads%2F2026%2F04%2FKitebrook_factsheet_Leirdola.pdf|target:_blank&raquo;][\/vc_column_inner][vc_column_inner width=&raquo;1\/2&#8243;][vc_btn title=&raquo;Tilbake til Kitebrook Infra&raquo; align=&raquo;center&raquo; css=&raquo;&raquo; el_class=&raquo;infra-site-btn&raquo; link=&raquo;url:https%3A%2F%2Fwww.kitebrook.com%2Fno%2Fkitebrook-infra%2F&raquo;][\/vc_column_inner][\/vc_row_inner][\/vc_column][\/vc_row][vc_row css=&raquo;.vc_custom_1746648119023{margin-right: 0px !important;margin-left: 0px !important;}&raquo;][vc_column][vc_single_image image=&raquo;1536&#8243; img_size=&raquo;full&raquo; alignment=&raquo;center&raquo; css=&raquo;&raquo;][\/vc_column][\/vc_row][vc_row css=&raquo;.vc_custom_1746649516907{margin-right: 0px !important;margin-left: 0px !important;}&raquo;][vc_column][vc_empty_space height=&raquo;76px&raquo; el_class=&raquo;kb-energy-spacer&raquo;][\/vc_column][\/vc_row][vc_row full_width=&raquo;stretch_row_content_no_spaces&raquo; el_class=&raquo;map-image-row&raquo;][vc_column][vc_single_image image=&raquo;1440&#8243; img_size=&raquo;full&raquo; alignment=&raquo;center&raquo; css=&raquo;.vc_custom_1774026313313{margin-bottom: 0px !important;}&raquo;][\/vc_column][\/vc_row]<\/p>\n<\/div>","protected":false},"excerpt":{"rendered":"<p>[vc_row full_height=&raquo;yes&raquo; columns_placement=&raquo;stretch&raquo; el_class=&raquo;info-data-center&raquo; css=&raquo;.vc_custom_1773337207317{margin-right: 0px !important;margin-left: 0px !important;}&raquo;][vc_column width=&raquo;1\/2&#8243; el_class=&raquo;left-content&raquo;][vc_column_text css=&raquo;&raquo; el_class=&raquo;intro-with-list&raquo;] Leird\u00f8la er et ferdig tilrettelagt datasenteranlegg for AI og h\u00f8yytelses databehandling, lokalisert p\u00e5 Vestlandet. Det er utviklet for \u00e5 levere storskala datakapasitet, drevet av fornybar vannkraft. [\/vc_column_text][vc_row_inner el_class=&raquo;bottom-img&raquo;][vc_column_inner][vc_single_image image=&raquo;1523&#8243; img_size=&raquo;full&raquo; alignment=&raquo;center&raquo; css=&raquo;.vc_custom_1776971812716{margin-bottom: 5px !important;}&raquo; el_class=&raquo;siteplan-img&raquo;][vc_column_text css=&raquo;&raquo;]Alle design er utviklet til RIBA fase &hellip;<\/p>\n","protected":false},"author":1,"featured_media":1364,"parent":878,"menu_order":0,"comment_status":"closed","ping_status":"closed","template":"","meta":{"_acf_changed":false,"inline_featured_image":false,"footnotes":""},"class_list":["post-1590","page","type-page","status-publish","has-post-thumbnail","hentry"],"acf":[],"_links":{"self":[{"href":"https:\/\/www.kitebrook.com\/no\/wp-json\/wp\/v2\/pages\/1590","targetHints":{"allow":["GET"]}}],"collection":[{"href":"https:\/\/www.kitebrook.com\/no\/wp-json\/wp\/v2\/pages"}],"about":[{"href":"https:\/\/www.kitebrook.com\/no\/wp-json\/wp\/v2\/types\/page"}],"author":[{"embeddable":true,"href":"https:\/\/www.kitebrook.com\/no\/wp-json\/wp\/v2\/users\/1"}],"replies":[{"embeddable":true,"href":"https:\/\/www.kitebrook.com\/no\/wp-json\/wp\/v2\/comments?post=1590"}],"version-history":[{"count":5,"href":"https:\/\/www.kitebrook.com\/no\/wp-json\/wp\/v2\/pages\/1590\/revisions"}],"predecessor-version":[{"id":1640,"href":"https:\/\/www.kitebrook.com\/no\/wp-json\/wp\/v2\/pages\/1590\/revisions\/1640"}],"up":[{"embeddable":true,"href":"https:\/\/www.kitebrook.com\/no\/wp-json\/wp\/v2\/pages\/878"}],"wp:featuredmedia":[{"embeddable":true,"href":"https:\/\/www.kitebrook.com\/no\/wp-json\/wp\/v2\/media\/1364"}],"wp:attachment":[{"href":"https:\/\/www.kitebrook.com\/no\/wp-json\/wp\/v2\/media?parent=1590"}],"curies":[{"name":"wp","href":"https:\/\/api.w.org\/{rel}","templated":true}]}}