{"id":1586,"date":"2026-03-17T14:38:10","date_gmt":"2026-03-17T20:38:10","guid":{"rendered":"https:\/\/www.kitebrook.com\/kitebrook-infra\/matre\/"},"modified":"2026-04-27T13:33:06","modified_gmt":"2026-04-27T19:33:06","slug":"matre","status":"publish","type":"page","link":"https:\/\/www.kitebrook.com\/no\/kitebrook-infra\/matre\/","title":{"rendered":"Kitebrook Matre"},"content":{"rendered":"<div class=\"wpb-content-wrapper\"><p>[vc_row full_height=&raquo;yes&raquo; columns_placement=&raquo;stretch&raquo; el_class=&raquo;info-data-center&raquo; css=&raquo;.vc_custom_1773337207317{margin-right: 0px !important;margin-left: 0px !important;}&raquo;][vc_column width=&raquo;1\/2&#8243; el_class=&raquo;left-content&raquo;][vc_column_text css=&raquo;&raquo; el_class=&raquo;intro-with-list&raquo;]<\/p>\n<h1>Matre er Kitebrooks ledende anlegg for AI og h\u00f8yytelses databehandling, lokalisert p\u00e5 Vestlandet. Det er utviklet for \u00e5 levere hyperskala infrastruktur, drevet utelukkende av fornybar vannkraft.<\/h1>\n<p>[\/vc_column_text][vc_row_inner el_class=&raquo;bottom-img&raquo;][vc_column_inner][vc_single_image image=&raquo;1521&#8243; img_size=&raquo;full&raquo; alignment=&raquo;center&raquo; css=&raquo;&raquo; el_class=&raquo;siteplan-img&raquo;][vc_single_image image=&raquo;1333&#8243; img_size=&raquo;full&raquo; alignment=&raquo;center&raquo; css=&raquo;.vc_custom_1773779884330{margin-bottom: 10px !important;}&raquo;][vc_column_text css=&raquo;&raquo;]<span style=\"color: #666;\">\u00d8verst: 100 MW full utbygging<\/span><br \/>\n<span style=\"color: #666;\">Over: 30 MW f\u00f8rste fase<\/span>[\/vc_column_text][vc_column_text css=&raquo;&raquo;]Alle design er utviklet til RIBA fase 2+[\/vc_column_text][\/vc_column_inner][\/vc_row_inner][\/vc_column][vc_column width=&raquo;1\/2&#8243; el_class=&raquo;right-content&raquo;][vc_column_text css=&raquo;&raquo; el_class=&raquo;info-text right-info&raquo;]<\/p>\n<h2>Matre \u2013<br \/>\nDatasenteranlegg for AI og h\u00f8yytelses databehandling<\/h2>\n<p>Anlegget er planlagt som en utbygging p\u00e5 100 MW, med en forventet IT-kapasitet p\u00e5 om lag 82,5 MW. Anlegget best\u00e5r av modulbaserte datasaler over to etasjer, optimalisert for h\u00f8y tetthet og krevende AI- og HPC-arbeidslaster.<\/p>\n<p>Lokasjonen ligger i direkte tilknytning til en transformatorstasjon (300 \/ 132 \/ 22 kV), koblet til et regionalt vannkraftsystem med over 350 MW fornybar produksjonskapasitet.<\/p>\n<p>Anlegget benytter Kitebrooks egenutviklede GBUS (Green Back Up Solution), en reservel\u00f8sning uten generatorer. L\u00f8sningen kombinerer UPS med direkte tilgang til fornybar vannkraft, og sikrer kontinuerlig str\u00f8mtilgang.<\/p>\n<p>Anlegget er utviklet for neste generasjons databehandling, og st\u00f8tter direkte v\u00e6skekj\u00f8ling tilpasset Blackwell- eller Rubin-GPUer, i tillegg til h\u00f8yytelses luftkj\u00f8lte milj\u00f8er. Kj\u00f8lingen skjer uten bruk av tradisjonelle kj\u00f8lemaskiner, ved hjelp av fjordvann, noe som gir sv\u00e6rt effektiv drift og et lavt karbonavtrykk.<\/p>\n<p>Med dypvannskai, tre uavhengige fibertraseer og forventet tilgang p\u00e5 str\u00f8m fra midten av 2027, tilbyr Matre en skalerbar og b\u00e6rekraftig plattform for storskala AI-infrastruktur.[\/vc_column_text][vc_row_inner el_class=&raquo;info-text right-info infra-list-row&raquo;][vc_column_inner width=&raquo;1\/2&#8243;][vc_btn title=&raquo;Last ned<br \/>\nMatre PDF&raquo; align=&raquo;center&raquo; css=&raquo;&raquo; el_class=&raquo;infra-site-btn&raquo; link=&raquo;url:https%3A%2F%2Fwww.kitebrook.com%2Fwp-content%2Fuploads%2F2026%2F04%2FKitebrook_factsheet_Matre.pdf|target:_blank&raquo;][\/vc_column_inner][vc_column_inner width=&raquo;1\/2&#8243;][vc_btn title=&raquo;Tilbake til Kitebrook Infra&raquo; align=&raquo;center&raquo; css=&raquo;&raquo; el_class=&raquo;infra-site-btn&raquo; link=&raquo;url:https%3A%2F%2Fwww.kitebrook.com%2Fno%2Fkitebrook-infra%2F&raquo;][\/vc_column_inner][\/vc_row_inner][\/vc_column][\/vc_row][vc_row css=&raquo;.vc_custom_1746649516907{margin-right: 0px !important;margin-left: 0px !important;}&raquo;][vc_column][vc_empty_space height=&raquo;76px&raquo; el_class=&raquo;kb-energy-spacer&raquo;][\/vc_column][\/vc_row][vc_row full_width=&raquo;stretch_row_content_no_spaces&raquo; el_class=&raquo;map-image-row&raquo;][vc_column][vc_single_image image=&raquo;1442&#8243; img_size=&raquo;full&raquo; alignment=&raquo;center&raquo; css=&raquo;.vc_custom_1774026372372{margin-bottom: 0px !important;}&raquo;][\/vc_column][\/vc_row]<\/p>\n<\/div>","protected":false},"excerpt":{"rendered":"<p>[vc_row full_height=&raquo;yes&raquo; columns_placement=&raquo;stretch&raquo; el_class=&raquo;info-data-center&raquo; css=&raquo;.vc_custom_1773337207317{margin-right: 0px !important;margin-left: 0px !important;}&raquo;][vc_column width=&raquo;1\/2&#8243; el_class=&raquo;left-content&raquo;][vc_column_text css=&raquo;&raquo; el_class=&raquo;intro-with-list&raquo;] Matre er Kitebrooks ledende anlegg for AI og h\u00f8yytelses databehandling, lokalisert p\u00e5 Vestlandet. Det er utviklet for \u00e5 levere hyperskala infrastruktur, drevet utelukkende av fornybar vannkraft. [\/vc_column_text][vc_row_inner el_class=&raquo;bottom-img&raquo;][vc_column_inner][vc_single_image image=&raquo;1521&#8243; img_size=&raquo;full&raquo; alignment=&raquo;center&raquo; css=&raquo;&raquo; el_class=&raquo;siteplan-img&raquo;][vc_single_image image=&raquo;1333&#8243; img_size=&raquo;full&raquo; alignment=&raquo;center&raquo; css=&raquo;.vc_custom_1773779884330{margin-bottom: 10px !important;}&raquo;][vc_column_text css=&raquo;&raquo;]\u00d8verst: 100 MW &hellip;<\/p>\n","protected":false},"author":1,"featured_media":1546,"parent":878,"menu_order":0,"comment_status":"closed","ping_status":"closed","template":"","meta":{"_acf_changed":false,"inline_featured_image":false,"footnotes":""},"class_list":["post-1586","page","type-page","status-publish","has-post-thumbnail","hentry"],"acf":[],"_links":{"self":[{"href":"https:\/\/www.kitebrook.com\/no\/wp-json\/wp\/v2\/pages\/1586","targetHints":{"allow":["GET"]}}],"collection":[{"href":"https:\/\/www.kitebrook.com\/no\/wp-json\/wp\/v2\/pages"}],"about":[{"href":"https:\/\/www.kitebrook.com\/no\/wp-json\/wp\/v2\/types\/page"}],"author":[{"embeddable":true,"href":"https:\/\/www.kitebrook.com\/no\/wp-json\/wp\/v2\/users\/1"}],"replies":[{"embeddable":true,"href":"https:\/\/www.kitebrook.com\/no\/wp-json\/wp\/v2\/comments?post=1586"}],"version-history":[{"count":5,"href":"https:\/\/www.kitebrook.com\/no\/wp-json\/wp\/v2\/pages\/1586\/revisions"}],"predecessor-version":[{"id":1639,"href":"https:\/\/www.kitebrook.com\/no\/wp-json\/wp\/v2\/pages\/1586\/revisions\/1639"}],"up":[{"embeddable":true,"href":"https:\/\/www.kitebrook.com\/no\/wp-json\/wp\/v2\/pages\/878"}],"wp:featuredmedia":[{"embeddable":true,"href":"https:\/\/www.kitebrook.com\/no\/wp-json\/wp\/v2\/media\/1546"}],"wp:attachment":[{"href":"https:\/\/www.kitebrook.com\/no\/wp-json\/wp\/v2\/media?parent=1586"}],"curies":[{"name":"wp","href":"https:\/\/api.w.org\/{rel}","templated":true}]}}